{"id":2,"date":"2025-06-02T15:32:11","date_gmt":"2025-06-02T15:32:11","guid":{"rendered":"https:\/\/www.bdb-serwis.pl\/?page_id=2"},"modified":"2025-06-03T05:09:08","modified_gmt":"2025-06-03T05:09:08","slug":"o-firmie","status":"publish","type":"page","link":"https:\/\/www.bdb-serwis.pl\/","title":{"rendered":"O FIRMIE"},"content":{"rendered":"\n<p>Jeste\u015bmy&nbsp; firm\u0105 porz\u0105dkow\u0105 dzia\u0142aj\u0105c\u0105 na terenie Tr\u00f3jmiasta i najbli\u017cszych okolic.<br>Nasze us\u0142ugi daj\u0105 szybki wymierny efekt.<br>Powoduj\u0105, \u017ce otoczenie w kt\u00f3rym przebywa i wypoczywa Nasz Klient jest zdrowe i czyste.<\/p>\n\n\n\n<p>Obs\u0142ugujemy klient\u00f3w indywidualnych i instytucjonalnych.<br>Zapewniamy sta\u0142y wysoki standard \u015bwiadczonych us\u0142ug.<br>Stawiamy na d\u0142ugoterminow\u0105 wsp\u00f3\u0142prac\u0119.<br>Posiadamy w\u0142asny sprz\u0119t oraz stosujemy bezpieczne, skuteczne, atestowane \u015brodki czysto\u015bci.<br>Dysponujemy do\u015bwiadczon\u0105, rzeteln\u0105 i uczciw\u0105 kadr\u0105 pracownicz\u0105.<br>Jeste\u015bmy elastyczni i bardzo szybko reagujemy na potrzeby Naszego Klienta.<br>Zapewniamy skuteczny w\u0142a\u015bcicielski nadz\u00f3r nad przebiegiem \u015bwiadczonych us\u0142ug.<br>Opracowujemy&nbsp; bezp\u0142atnie harmonogram prac i niezb\u0119dnych zabieg\u00f3w.<br>Zapewniamy stworzenie bezp\u0142atnej i niezobowi\u0105zuj\u0105cej wyceny us\u0142ug.<\/p>\n\n\n\n<p>Wystawiamy faktury VAT.<\/p>\n","protected":false},"excerpt":{"rendered":"<p>Jeste\u015bmy&nbsp; firm\u0105 porz\u0105dkow\u0105 dzia\u0142aj\u0105c\u0105 na terenie Tr\u00f3jmiasta i najbli\u017cszych okolic.Nasze us\u0142ugi daj\u0105 szybki wymierny efekt.Powoduj\u0105, \u017ce otoczenie w kt\u00f3rym przebywa i wypoczywa Nasz Klient jest zdrowe i czyste. Obs\u0142ugujemy klient\u00f3w indywidualnych i instytucjonalnych.Zapewniamy sta\u0142y wysoki standard \u015bwiadczonych us\u0142ug.Stawiamy na d\u0142ugoterminow\u0105 &hellip; <a href=\"https:\/\/www.bdb-serwis.pl\/\">Czytaj dalej <span class=\"meta-nav\">&rarr;<\/span><\/a><\/p>\n","protected":false},"author":1,"featured_media":0,"parent":0,"menu_order":0,"comment_status":"closed","ping_status":"closed","template":"onecolumn-page.php","meta":{"footnotes":""},"class_list":["post-2","page","type-page","status-publish","hentry"],"_links":{"self":[{"href":"https:\/\/www.bdb-serwis.pl\/index.php?rest_route=\/wp\/v2\/pages\/2","targetHints":{"allow":["GET"]}}],"collection":[{"href":"https:\/\/www.bdb-serwis.pl\/index.php?rest_route=\/wp\/v2\/pages"}],"about":[{"href":"https:\/\/www.bdb-serwis.pl\/index.php?rest_route=\/wp\/v2\/types\/page"}],"author":[{"embeddable":true,"href":"https:\/\/www.bdb-serwis.pl\/index.php?rest_route=\/wp\/v2\/users\/1"}],"replies":[{"embeddable":true,"href":"https:\/\/www.bdb-serwis.pl\/index.php?rest_route=%2Fwp%2Fv2%2Fcomments&post=2"}],"version-history":[{"count":1,"href":"https:\/\/www.bdb-serwis.pl\/index.php?rest_route=\/wp\/v2\/pages\/2\/revisions"}],"predecessor-version":[{"id":10,"href":"https:\/\/www.bdb-serwis.pl\/index.php?rest_route=\/wp\/v2\/pages\/2\/revisions\/10"}],"wp:attachment":[{"href":"https:\/\/www.bdb-serwis.pl\/index.php?rest_route=%2Fwp%2Fv2%2Fmedia&parent=2"}],"curies":[{"name":"wp","href":"https:\/\/api.w.org\/{rel}","templated":true}]}}