{"id":11,"date":"2025-06-03T03:32:28","date_gmt":"2025-06-03T03:32:28","guid":{"rendered":"https:\/\/www.bdb-serwis.pl\/?page_id=11"},"modified":"2025-06-03T05:09:00","modified_gmt":"2025-06-03T05:09:00","slug":"uslugi","status":"publish","type":"page","link":"https:\/\/www.bdb-serwis.pl\/?page_id=11","title":{"rendered":"US\u0141UGI"},"content":{"rendered":"\n<p><strong>Zapraszamy do skorzystania z naszych us\u0142ug.<\/strong><\/p>\n\n\n\n<p>Naszym Klientom polecamy:<\/p>\n\n\n\n<ul class=\"wp-block-list\">\n<li>bie\u017c\u0105ce utrzymanie czysto\u015bci pomieszcze\u0144 biurowych, magazynowych, hal produkcyjnych, gara\u017cy, lokali us\u0142ugowych, lokali handlowych, plac\u00f3wek s\u0142u\u017cby zdrowia, o\u015brodk\u00f3w rekreacyjno-sportowych,\u00a0 plac\u00f3wek o\u015bwiatowych, hoteli, pensjonat\u00f3w, kompleksow\u0105 obs\u0142ug\u0119 osiedli, kamienic, blok\u00f3w mieszkalnych, apartament\u00f3w, oraz prywatnych mieszka\u0144 dom\u00f3w i ogrod\u00f3w,<\/li>\n\n\n\n<li>serwis dzienny porz\u0105dkowy,<\/li>\n\n\n\n<li>mycie metodami tradycyjnymi okien, witryn, przeszkle\u0144,<\/li>\n\n\n\n<li>pranie wyk\u0142adzin, dywan\u00f3w, tapicerki meblowej oraz samochodowej,<\/li>\n\n\n\n<li>kompleksowe sprz\u0105tanie i doczyszczanie lokali po pracach budowlanych, remontowych,<\/li>\n\n\n\n<li>kompleksowe utrzymanie teren\u00f3w zielonych z pe\u0142nym specjalistycznym zakresem zabieg\u00f3w agrotechnicznych,<\/li>\n\n\n\n<li>kompleksow\u0105 piel\u0119gnacje zieleni wewn\u0105trz budynku,<\/li>\n\n\n\n<li>strzy\u017cenie\u00a0 i wertykulacje trawnik\u00f3w, przycinanie \u017cywop\u0142ot\u00f3w,<\/li>\n\n\n\n<li>ci\u0119cie piel\u0119gnacyjne krzew\u00f3w i drzew,<\/li>\n\n\n\n<li>odchwaszczanie trawnik\u00f3w, rabat, ci\u0105g\u00f3w komunikacyjnych,<\/li>\n\n\n\n<li>nawo\u017cenie ro\u015blin,<\/li>\n\n\n\n<li>zwalczanie chor\u00f3b i szkodnik\u00f3w ro\u015blin,<\/li>\n\n\n\n<li>inne drobne prace ogrodnicze,<\/li>\n\n\n\n<li>dostarczanie \u015brodk\u00f3w higieny (papier, r\u0119czniki, myd\u0142o itp.),<\/li>\n\n\n\n<li>sprz\u0105tanie i od\u015bnie\u017canie zewn\u0119trznych ci\u0105g\u00f3w komunikacyjnych,<\/li>\n\n\n\n<li>serwis konserwatorsko-naprawczy,<\/li>\n\n\n\n<li>drobne prace remontowo-budowlanych,<\/li>\n\n\n\n<li>inne prace na \u017cyczenie Naszego Klienta.<\/li>\n<\/ul>\n","protected":false},"excerpt":{"rendered":"<p>Zapraszamy do skorzystania z naszych us\u0142ug. Naszym Klientom polecamy:<\/p>\n","protected":false},"author":1,"featured_media":0,"parent":0,"menu_order":0,"comment_status":"closed","ping_status":"closed","template":"onecolumn-page.php","meta":{"footnotes":""},"class_list":["post-11","page","type-page","status-publish","hentry"],"_links":{"self":[{"href":"https:\/\/www.bdb-serwis.pl\/index.php?rest_route=\/wp\/v2\/pages\/11","targetHints":{"allow":["GET"]}}],"collection":[{"href":"https:\/\/www.bdb-serwis.pl\/index.php?rest_route=\/wp\/v2\/pages"}],"about":[{"href":"https:\/\/www.bdb-serwis.pl\/index.php?rest_route=\/wp\/v2\/types\/page"}],"author":[{"embeddable":true,"href":"https:\/\/www.bdb-serwis.pl\/index.php?rest_route=\/wp\/v2\/users\/1"}],"replies":[{"embeddable":true,"href":"https:\/\/www.bdb-serwis.pl\/index.php?rest_route=%2Fwp%2Fv2%2Fcomments&post=11"}],"version-history":[{"count":2,"href":"https:\/\/www.bdb-serwis.pl\/index.php?rest_route=\/wp\/v2\/pages\/11\/revisions"}],"predecessor-version":[{"id":37,"href":"https:\/\/www.bdb-serwis.pl\/index.php?rest_route=\/wp\/v2\/pages\/11\/revisions\/37"}],"wp:attachment":[{"href":"https:\/\/www.bdb-serwis.pl\/index.php?rest_route=%2Fwp%2Fv2%2Fmedia&parent=11"}],"curies":[{"name":"wp","href":"https:\/\/api.w.org\/{rel}","templated":true}]}}